{"id":1847,"date":"2022-11-03T17:36:09","date_gmt":"2022-11-03T17:36:09","guid":{"rendered":"https:\/\/salsa.es\/history\/"},"modified":"2023-01-03T13:19:48","modified_gmt":"2023-01-03T13:19:48","slug":"history","status":"publish","type":"page","link":"https:\/\/salsa.es\/en\/history\/","title":{"rendered":"History"},"content":{"rendered":"\t\t<div data-elementor-type=\"wp-page\" data-elementor-id=\"1847\" class=\"elementor elementor-1847 elementor-789\" data-elementor-post-type=\"page\">\n\t\t\t\t\t\t<section class=\"elementor-section elementor-top-section elementor-element elementor-element-30c0b60b elementor-section-full_width elementor-section-height-default elementor-section-height-default\" data-id=\"30c0b60b\" data-element_type=\"section\" data-settings=\"{&quot;background_background&quot;:&quot;classic&quot;}\">\n\t\t\t\t\t\t<div class=\"elementor-container elementor-column-gap-default\">\n\t\t\t\t\t<div class=\"elementor-column elementor-col-66 elementor-top-column elementor-element elementor-element-4e938233\" data-id=\"4e938233\" data-element_type=\"column\" data-settings=\"{&quot;background_background&quot;:&quot;classic&quot;}\">\n\t\t\t<div class=\"elementor-widget-wrap elementor-element-populated\">\n\t\t\t\t\t\t<section class=\"elementor-section elementor-inner-section elementor-element elementor-element-b74bad2 elementor-section-full_width elementor-section-content-top elementor-section-height-default elementor-section-height-default\" data-id=\"b74bad2\" data-element_type=\"section\">\n\t\t\t\t\t\t<div class=\"elementor-container elementor-column-gap-no\">\n\t\t\t\t\t<div class=\"elementor-column elementor-col-50 elementor-inner-column elementor-element elementor-element-7db031a\" data-id=\"7db031a\" data-element_type=\"column\">\n\t\t\t<div class=\"elementor-widget-wrap elementor-element-populated\">\n\t\t\t\t\t\t<div class=\"elementor-element elementor-element-c49c8a1 elementor-view-default elementor-widget elementor-widget-icon\" data-id=\"c49c8a1\" data-element_type=\"widget\" data-widget_type=\"icon.default\">\n\t\t\t\t<div class=\"elementor-widget-container\">\n\t\t\t\t\t\t\t<div class=\"elementor-icon-wrapper\">\n\t\t\t<div class=\"elementor-icon\">\n\t\t\t<i aria-hidden=\"true\" class=\"fas fa-home\"><\/i>\t\t\t<\/div>\n\t\t<\/div>\n\t\t\t\t\t\t<\/div>\n\t\t\t\t<\/div>\n\t\t\t\t\t<\/div>\n\t\t<\/div>\n\t\t\t\t<div class=\"elementor-column elementor-col-50 elementor-inner-column elementor-element elementor-element-e0ec94b\" data-id=\"e0ec94b\" data-element_type=\"column\">\n\t\t\t<div class=\"elementor-widget-wrap elementor-element-populated\">\n\t\t\t\t\t\t<div class=\"elementor-element elementor-element-febbb5b elementor-widget elementor-widget-breadcrumbs\" data-id=\"febbb5b\" data-element_type=\"widget\" data-widget_type=\"breadcrumbs.default\">\n\t\t\t\t<div class=\"elementor-widget-container\">\n\t\t\t\t\t<br \/>\n<b>Deprecated<\/b>:  ltrim(): Passing null to parameter #1 ($string) of type string is deprecated in <b>\/home\/salsawebs\/public_html\/wp-includes\/formatting.php<\/b> on line <b>4496<\/b><br \/>\n<p id=\"breadcrumbs\"><span><span><a href=\"https:\/\/salsa.es\/en\/\">Home<\/a><\/span><\/span><\/p>\t\t\t\t<\/div>\n\t\t\t\t<\/div>\n\t\t\t\t\t<\/div>\n\t\t<\/div>\n\t\t\t\t\t<\/div>\n\t\t<\/section>\n\t\t\t\t<div class=\"elementor-element elementor-element-203dfb8 elementor-widget elementor-widget-heading\" data-id=\"203dfb8\" data-element_type=\"widget\" data-widget_type=\"heading.default\">\n\t\t\t\t<div class=\"elementor-widget-container\">\n\t\t\t\t\t<h2 class=\"elementor-heading-title elementor-size-default\">History<\/h2>\t\t\t\t<\/div>\n\t\t\t\t<\/div>\n\t\t\t\t\t<\/div>\n\t\t<\/div>\n\t\t\t\t<div class=\"elementor-column elementor-col-33 elementor-top-column elementor-element elementor-element-7577fce6\" data-id=\"7577fce6\" data-element_type=\"column\">\n\t\t\t<div class=\"elementor-widget-wrap\">\n\t\t\t\t\t\t\t<\/div>\n\t\t<\/div>\n\t\t\t\t\t<\/div>\n\t\t<\/section>\n\t\t\t\t<section class=\"elementor-section elementor-top-section elementor-element elementor-element-4c139651 elementor-section-full_width elementor-section-height-min-height elementor-section-content-middle elementor-section-height-default elementor-section-items-middle\" data-id=\"4c139651\" data-element_type=\"section\">\n\t\t\t\t\t\t<div class=\"elementor-container elementor-column-gap-no\">\n\t\t\t\t\t<div class=\"elementor-column elementor-col-50 elementor-top-column elementor-element elementor-element-7010f179\" data-id=\"7010f179\" data-element_type=\"column\">\n\t\t\t<div class=\"elementor-widget-wrap elementor-element-populated\">\n\t\t\t\t\t\t<div class=\"elementor-element elementor-element-798a4ea elementor-widget elementor-widget-text-editor\" data-id=\"798a4ea\" data-element_type=\"widget\" data-widget_type=\"text-editor.default\">\n\t\t\t\t<div class=\"elementor-widget-container\">\n\t\t\t\t\t\t\t\t\t<p>Grupo Sociedad Azucarera Larios was founded as a result of the extensive business experience of the Larios family (Marqu\u00e9s de Larios) and the Guti\u00e9rrez-Maturana-Larios family (Marqu\u00e9s de Paul), from M\u00e1laga.<\/p>\t\t\t\t\t\t\t\t<\/div>\n\t\t\t\t<\/div>\n\t\t\t\t<div class=\"elementor-element elementor-element-35b9a0d5 elementor-widget elementor-widget-text-editor\" data-id=\"35b9a0d5\" data-element_type=\"widget\" data-widget_type=\"text-editor.default\">\n\t\t\t\t<div class=\"elementor-widget-container\">\n\t\t\t\t\t\t\t\t\t<p>The establishment in 1831 of the trading company Larios Hermanos y Cia, founded by Martin Larios y Herreros, marked the beginning of the Larios family\u2019s business activity in Malaga. Initially, they set up small businesses, but in the 1840s they made the leap to the sugar and textile industries, adopting the model of industry established by the English industrial revolution.<\/p><p>At the end of the 19th century, the Larios family led Malaga\u2019s most important urban transformation, creating space between the narrow city streets for what is now the most prestigious shopping street in Malaga and one of the most famous in Spain. Cutting-edge building techniques were used to construct the buildings, using steel frame structures, following the new trends created by the Chicago School of architecture.<\/p><p>Throughout the 19th century, the Larios family invested in almost all economic sectors, both in industry and commerce. They were founding partners in Banco de M\u00e1laga, giving financial support to all its business activities. They participated in large enterprises such as the development of the Ferrocarril M\u00e1laga-C\u00f3rdoba railway, the Compa\u00f1\u00eda de Seguros\u00a0 insurance provider and the Sociedad de Vapores steamship company.<\/p><p>\u00a0<\/p><p>Sociedad Azucarera Larios, S.A. was established in 1890 to group together all sugar refineries in the city of Malaga, the east coast of Malaga province, and Motril, a total of 14 sugar refineries and more than 10,000 hectares of sugar cane plantation. This activity ceased when the last refinery was sold off in 1976.<\/p><p>In 1994, the Guti\u00e9rrez-Maturana-Larios family (Marqu\u00e9s de Paul) unified the different business activities it owned under the umbrella of Grupo Sociedad Azucarera Larios.<\/p>\t\t\t\t\t\t\t\t<\/div>\n\t\t\t\t<\/div>\n\t\t\t\t\t<\/div>\n\t\t<\/div>\n\t\t\t\t<div class=\"elementor-column elementor-col-50 elementor-top-column elementor-element elementor-element-28509134\" data-id=\"28509134\" data-element_type=\"column\">\n\t\t\t<div class=\"elementor-widget-wrap elementor-element-populated\">\n\t\t\t\t\t\t<div class=\"elementor-element elementor-element-4099f4cd elementor-widget__width-initial elementor-widget-tablet__width-initial elementor-widget-mobile__width-initial elementor-invisible elementor-widget elementor-widget-image\" data-id=\"4099f4cd\" data-element_type=\"widget\" data-settings=\"{&quot;_animation&quot;:&quot;fadeInRight&quot;}\" data-widget_type=\"image.default\">\n\t\t\t\t<div class=\"elementor-widget-container\">\n\t\t\t\t\t\t\t\t\t\t\t\t\t\t\t<img fetchpriority=\"high\" decoding=\"async\" width=\"693\" height=\"361\" src=\"https:\/\/salsa.es\/wp-content\/uploads\/2022\/11\/Vision_del_antiguo_barrio_de_La_Coracha_Malaga_principios_del_siglo_XX.jpg\" class=\"attachment-full size-full wp-image-1771\" alt=\"\" srcset=\"https:\/\/salsa.es\/wp-content\/uploads\/2022\/11\/Vision_del_antiguo_barrio_de_La_Coracha_Malaga_principios_del_siglo_XX.jpg 693w, https:\/\/salsa.es\/wp-content\/uploads\/2022\/11\/Vision_del_antiguo_barrio_de_La_Coracha_Malaga_principios_del_siglo_XX-300x156.jpg 300w\" sizes=\"(max-width: 693px) 100vw, 693px\" \/>\t\t\t\t\t\t\t\t\t\t\t\t\t\t\t<\/div>\n\t\t\t\t<\/div>\n\t\t\t\t<div class=\"elementor-element elementor-element-29d6c5ea elementor-widget__width-initial elementor-widget-tablet__width-initial elementor-widget-mobile__width-initial elementor-invisible elementor-widget elementor-widget-image\" data-id=\"29d6c5ea\" data-element_type=\"widget\" data-settings=\"{&quot;_animation&quot;:&quot;fadeInLeft&quot;}\" data-widget_type=\"image.default\">\n\t\t\t\t<div class=\"elementor-widget-container\">\n\t\t\t\t\t\t\t\t\t\t\t\t\t\t\t<img decoding=\"async\" width=\"1014\" height=\"760\" src=\"https:\/\/salsa.es\/wp-content\/uploads\/2022\/09\/martinez-11-foto-3-g.jpg\" class=\"attachment-full size-full wp-image-1724\" alt=\"\" srcset=\"https:\/\/salsa.es\/wp-content\/uploads\/2022\/09\/martinez-11-foto-3-g.jpg 1014w, https:\/\/salsa.es\/wp-content\/uploads\/2022\/09\/martinez-11-foto-3-g-300x225.jpg 300w, https:\/\/salsa.es\/wp-content\/uploads\/2022\/09\/martinez-11-foto-3-g-768x576.jpg 768w\" sizes=\"(max-width: 1014px) 100vw, 1014px\" \/>\t\t\t\t\t\t\t\t\t\t\t\t\t\t\t<\/div>\n\t\t\t\t<\/div>\n\t\t\t\t<div class=\"elementor-element elementor-element-fac8e0f elementor-invisible elementor-widget elementor-widget-image\" data-id=\"fac8e0f\" data-element_type=\"widget\" data-settings=\"{&quot;_animation&quot;:&quot;fadeInDown&quot;}\" data-widget_type=\"image.default\">\n\t\t\t\t<div class=\"elementor-widget-container\">\n\t\t\t\t\t\t\t\t\t\t\t\t\t\t\t<img decoding=\"async\" width=\"480\" height=\"161\" src=\"https:\/\/salsa.es\/wp-content\/uploads\/2022\/11\/historica.jpg\" class=\"attachment-full size-full wp-image-1770\" alt=\"\" srcset=\"https:\/\/salsa.es\/wp-content\/uploads\/2022\/11\/historica.jpg 480w, https:\/\/salsa.es\/wp-content\/uploads\/2022\/11\/historica-300x101.jpg 300w\" sizes=\"(max-width: 480px) 100vw, 480px\" \/>\t\t\t\t\t\t\t\t\t\t\t\t\t\t\t<\/div>\n\t\t\t\t<\/div>\n\t\t\t\t\t<\/div>\n\t\t<\/div>\n\t\t\t\t\t<\/div>\n\t\t<\/section>\n\t\t\t\t<section class=\"elementor-section elementor-top-section elementor-element elementor-element-4975f9ff elementor-section-content-top elementor-section-boxed elementor-section-height-default elementor-section-height-default\" data-id=\"4975f9ff\" data-element_type=\"section\" data-settings=\"{&quot;background_background&quot;:&quot;classic&quot;}\">\n\t\t\t\t\t\t\t<div class=\"elementor-background-overlay\"><\/div>\n\t\t\t\t\t\t\t<div class=\"elementor-container elementor-column-gap-no\">\n\t\t\t\t\t<div class=\"elementor-column elementor-col-100 elementor-top-column elementor-element elementor-element-da6d32d\" data-id=\"da6d32d\" data-element_type=\"column\">\n\t\t\t<div class=\"elementor-widget-wrap elementor-element-populated\">\n\t\t\t\t\t\t<section class=\"elementor-section elementor-inner-section elementor-element elementor-element-74ecf2e elementor-section-boxed elementor-section-height-default elementor-section-height-default\" data-id=\"74ecf2e\" data-element_type=\"section\">\n\t\t\t\t\t\t<div class=\"elementor-container elementor-column-gap-default\">\n\t\t\t\t\t<div class=\"elementor-column elementor-col-50 elementor-inner-column elementor-element elementor-element-179af6d\" data-id=\"179af6d\" data-element_type=\"column\">\n\t\t\t<div class=\"elementor-widget-wrap elementor-element-populated\">\n\t\t\t\t\t\t<div class=\"elementor-element elementor-element-3250252a elementor-widget elementor-widget-heading\" data-id=\"3250252a\" data-element_type=\"widget\" data-widget_type=\"heading.default\">\n\t\t\t\t<div class=\"elementor-widget-container\">\n\t\t\t\t\t<h2 class=\"elementor-heading-title elementor-size-default\">Business for the 21st Century\n<\/h2>\t\t\t\t<\/div>\n\t\t\t\t<\/div>\n\t\t\t\t\t<\/div>\n\t\t<\/div>\n\t\t\t\t<div class=\"elementor-column elementor-col-50 elementor-inner-column elementor-element elementor-element-842fdbb\" data-id=\"842fdbb\" data-element_type=\"column\">\n\t\t\t<div class=\"elementor-widget-wrap elementor-element-populated\">\n\t\t\t\t\t\t<div class=\"elementor-element elementor-element-54250f7 elementor-widget elementor-widget-text-editor\" data-id=\"54250f7\" data-element_type=\"widget\" data-widget_type=\"text-editor.default\">\n\t\t\t\t<div class=\"elementor-widget-container\">\n\t\t\t\t\t\t\t\t\t<p>Having gained over one hundred years of business experience, the group has changed with the times and become a fully 21st century business, diversifying into areas such as real estate development, specialising in urban and rural tourism developments that are a destination in themselves, where the landscape and urban resources offer a unique experience to residents, in addition to leased urban assets, leased rural land, and farming businesses.<\/p>\t\t\t\t\t\t\t\t<\/div>\n\t\t\t\t<\/div>\n\t\t\t\t\t<\/div>\n\t\t<\/div>\n\t\t\t\t\t<\/div>\n\t\t<\/section>\n\t\t\t\t\t<\/div>\n\t\t<\/div>\n\t\t\t\t\t<\/div>\n\t\t<\/section>\n\t\t\t\t<\/div>\n\t\t","protected":false},"excerpt":{"rendered":"<p>History Grupo Sociedad Azucarera Larios was founded as a result of the extensive business experience of the Larios family (Marqu\u00e9s de Larios) and the Guti\u00e9rrez-Maturana-Larios family (Marqu\u00e9s de Paul), from M\u00e1laga. The establishment in 1831 of the trading company Larios Hermanos y Cia, founded by Martin Larios y Herreros, marked the beginning of the Larios [&hellip;]<\/p>\n","protected":false},"author":1,"featured_media":0,"parent":0,"menu_order":0,"comment_status":"closed","ping_status":"closed","template":"elementor_header_footer","meta":{"_acf_changed":false,"footnotes":""},"class_list":["post-1847","page","type-page","status-publish","hentry"],"acf":[],"yoast_head":"<!-- This site is optimized with the Yoast SEO plugin v26.7 - https:\/\/yoast.com\/wordpress\/plugins\/seo\/ -->\n<title>History - Grupo Salsa<\/title>\n<meta name=\"robots\" content=\"index, follow, max-snippet:-1, max-image-preview:large, max-video-preview:-1\" \/>\n<link rel=\"canonical\" href=\"https:\/\/salsa.es\/en\/history\/\" \/>\n<meta property=\"og:locale\" content=\"en_US\" \/>\n<meta property=\"og:type\" content=\"article\" \/>\n<meta property=\"og:title\" content=\"History - Grupo Salsa\" \/>\n<meta property=\"og:description\" content=\"History Grupo Sociedad Azucarera Larios was founded as a result of the extensive business experience of the Larios family (Marqu\u00e9s de Larios) and the Guti\u00e9rrez-Maturana-Larios family (Marqu\u00e9s de Paul), from M\u00e1laga. The establishment in 1831 of the trading company Larios Hermanos y Cia, founded by Martin Larios y Herreros, marked the beginning of the Larios [&hellip;]\" \/>\n<meta property=\"og:url\" content=\"https:\/\/salsa.es\/en\/history\/\" \/>\n<meta property=\"og:site_name\" content=\"Grupo Salsa\" \/>\n<meta property=\"article:modified_time\" content=\"2023-01-03T13:19:48+00:00\" \/>\n<meta property=\"og:image\" content=\"https:\/\/salsa.es\/wp-content\/uploads\/2022\/11\/Vision_del_antiguo_barrio_de_La_Coracha_Malaga_principios_del_siglo_XX.jpg\" \/>\n<meta name=\"twitter:card\" content=\"summary_large_image\" \/>\n<meta name=\"twitter:label1\" content=\"Est. reading time\" \/>\n\t<meta name=\"twitter:data1\" content=\"3 minutes\" \/>\n<script type=\"application\/ld+json\" class=\"yoast-schema-graph\">{\"@context\":\"https:\/\/schema.org\",\"@graph\":[{\"@type\":\"WebPage\",\"@id\":\"https:\/\/salsa.es\/en\/history\/\",\"url\":\"https:\/\/salsa.es\/en\/history\/\",\"name\":\"History - Grupo Salsa\",\"isPartOf\":{\"@id\":\"https:\/\/salsa.es\/en\/#website\"},\"primaryImageOfPage\":{\"@id\":\"https:\/\/salsa.es\/en\/history\/#primaryimage\"},\"image\":{\"@id\":\"https:\/\/salsa.es\/en\/history\/#primaryimage\"},\"thumbnailUrl\":\"https:\/\/salsa.es\/wp-content\/uploads\/2022\/11\/Vision_del_antiguo_barrio_de_La_Coracha_Malaga_principios_del_siglo_XX.jpg\",\"datePublished\":\"2022-11-03T17:36:09+00:00\",\"dateModified\":\"2023-01-03T13:19:48+00:00\",\"breadcrumb\":{\"@id\":\"https:\/\/salsa.es\/en\/history\/#breadcrumb\"},\"inLanguage\":\"en-US\",\"potentialAction\":[{\"@type\":\"ReadAction\",\"target\":[\"https:\/\/salsa.es\/en\/history\/\"]}]},{\"@type\":\"ImageObject\",\"inLanguage\":\"en-US\",\"@id\":\"https:\/\/salsa.es\/en\/history\/#primaryimage\",\"url\":\"https:\/\/salsa.es\/wp-content\/uploads\/2022\/11\/Vision_del_antiguo_barrio_de_La_Coracha_Malaga_principios_del_siglo_XX.jpg\",\"contentUrl\":\"https:\/\/salsa.es\/wp-content\/uploads\/2022\/11\/Vision_del_antiguo_barrio_de_La_Coracha_Malaga_principios_del_siglo_XX.jpg\"},{\"@type\":\"BreadcrumbList\",\"@id\":\"https:\/\/salsa.es\/en\/history\/#breadcrumb\",\"itemListElement\":[{\"@type\":\"ListItem\",\"position\":1,\"name\":\"Home\",\"item\":\"https:\/\/salsa.es\/en\/\"},{\"@type\":\"ListItem\",\"position\":2,\"name\":\"History\"}]},{\"@type\":\"WebSite\",\"@id\":\"https:\/\/salsa.es\/en\/#website\",\"url\":\"https:\/\/salsa.es\/en\/\",\"name\":\"Grupo Salsa\",\"description\":\"Holding empresarial desde 1994\",\"potentialAction\":[{\"@type\":\"SearchAction\",\"target\":{\"@type\":\"EntryPoint\",\"urlTemplate\":\"https:\/\/salsa.es\/en\/?s={search_term_string}\"},\"query-input\":{\"@type\":\"PropertyValueSpecification\",\"valueRequired\":true,\"valueName\":\"search_term_string\"}}],\"inLanguage\":\"en-US\"}]}<\/script>\n<!-- \/ Yoast SEO plugin. -->","yoast_head_json":{"title":"History - Grupo Salsa","robots":{"index":"index","follow":"follow","max-snippet":"max-snippet:-1","max-image-preview":"max-image-preview:large","max-video-preview":"max-video-preview:-1"},"canonical":"https:\/\/salsa.es\/en\/history\/","og_locale":"en_US","og_type":"article","og_title":"History - Grupo Salsa","og_description":"History Grupo Sociedad Azucarera Larios was founded as a result of the extensive business experience of the Larios family (Marqu\u00e9s de Larios) and the Guti\u00e9rrez-Maturana-Larios family (Marqu\u00e9s de Paul), from M\u00e1laga. The establishment in 1831 of the trading company Larios Hermanos y Cia, founded by Martin Larios y Herreros, marked the beginning of the Larios [&hellip;]","og_url":"https:\/\/salsa.es\/en\/history\/","og_site_name":"Grupo Salsa","article_modified_time":"2023-01-03T13:19:48+00:00","og_image":[{"url":"https:\/\/salsa.es\/wp-content\/uploads\/2022\/11\/Vision_del_antiguo_barrio_de_La_Coracha_Malaga_principios_del_siglo_XX.jpg","type":"","width":"","height":""}],"twitter_card":"summary_large_image","twitter_misc":{"Est. reading time":"3 minutes"},"schema":{"@context":"https:\/\/schema.org","@graph":[{"@type":"WebPage","@id":"https:\/\/salsa.es\/en\/history\/","url":"https:\/\/salsa.es\/en\/history\/","name":"History - Grupo Salsa","isPartOf":{"@id":"https:\/\/salsa.es\/en\/#website"},"primaryImageOfPage":{"@id":"https:\/\/salsa.es\/en\/history\/#primaryimage"},"image":{"@id":"https:\/\/salsa.es\/en\/history\/#primaryimage"},"thumbnailUrl":"https:\/\/salsa.es\/wp-content\/uploads\/2022\/11\/Vision_del_antiguo_barrio_de_La_Coracha_Malaga_principios_del_siglo_XX.jpg","datePublished":"2022-11-03T17:36:09+00:00","dateModified":"2023-01-03T13:19:48+00:00","breadcrumb":{"@id":"https:\/\/salsa.es\/en\/history\/#breadcrumb"},"inLanguage":"en-US","potentialAction":[{"@type":"ReadAction","target":["https:\/\/salsa.es\/en\/history\/"]}]},{"@type":"ImageObject","inLanguage":"en-US","@id":"https:\/\/salsa.es\/en\/history\/#primaryimage","url":"https:\/\/salsa.es\/wp-content\/uploads\/2022\/11\/Vision_del_antiguo_barrio_de_La_Coracha_Malaga_principios_del_siglo_XX.jpg","contentUrl":"https:\/\/salsa.es\/wp-content\/uploads\/2022\/11\/Vision_del_antiguo_barrio_de_La_Coracha_Malaga_principios_del_siglo_XX.jpg"},{"@type":"BreadcrumbList","@id":"https:\/\/salsa.es\/en\/history\/#breadcrumb","itemListElement":[{"@type":"ListItem","position":1,"name":"Home","item":"https:\/\/salsa.es\/en\/"},{"@type":"ListItem","position":2,"name":"History"}]},{"@type":"WebSite","@id":"https:\/\/salsa.es\/en\/#website","url":"https:\/\/salsa.es\/en\/","name":"Grupo Salsa","description":"Holding empresarial desde 1994","potentialAction":[{"@type":"SearchAction","target":{"@type":"EntryPoint","urlTemplate":"https:\/\/salsa.es\/en\/?s={search_term_string}"},"query-input":{"@type":"PropertyValueSpecification","valueRequired":true,"valueName":"search_term_string"}}],"inLanguage":"en-US"}]}},"_links":{"self":[{"href":"https:\/\/salsa.es\/en\/wp-json\/wp\/v2\/pages\/1847","targetHints":{"allow":["GET"]}}],"collection":[{"href":"https:\/\/salsa.es\/en\/wp-json\/wp\/v2\/pages"}],"about":[{"href":"https:\/\/salsa.es\/en\/wp-json\/wp\/v2\/types\/page"}],"author":[{"embeddable":true,"href":"https:\/\/salsa.es\/en\/wp-json\/wp\/v2\/users\/1"}],"replies":[{"embeddable":true,"href":"https:\/\/salsa.es\/en\/wp-json\/wp\/v2\/comments?post=1847"}],"version-history":[{"count":22,"href":"https:\/\/salsa.es\/en\/wp-json\/wp\/v2\/pages\/1847\/revisions"}],"predecessor-version":[{"id":2002,"href":"https:\/\/salsa.es\/en\/wp-json\/wp\/v2\/pages\/1847\/revisions\/2002"}],"wp:attachment":[{"href":"https:\/\/salsa.es\/en\/wp-json\/wp\/v2\/media?parent=1847"}],"curies":[{"name":"wp","href":"https:\/\/api.w.org\/{rel}","templated":true}]}}