{"id":1863,"date":"2022-11-03T21:09:05","date_gmt":"2022-11-03T21:09:05","guid":{"rendered":"https:\/\/salsa.es\/management-advisory-board\/"},"modified":"2023-01-03T11:06:58","modified_gmt":"2023-01-03T11:06:58","slug":"management-advisory-board","status":"publish","type":"page","link":"https:\/\/salsa.es\/en\/management-advisory-board\/","title":{"rendered":"Management Advisory Board"},"content":{"rendered":"\t\t<div data-elementor-type=\"wp-page\" data-elementor-id=\"1863\" class=\"elementor elementor-1863 elementor-932\" data-elementor-post-type=\"page\">\n\t\t\t\t\t\t<section class=\"elementor-section elementor-top-section elementor-element elementor-element-6a3b1275 elementor-section-full_width elementor-section-height-default elementor-section-height-default\" data-id=\"6a3b1275\" data-element_type=\"section\" data-settings=\"{&quot;background_background&quot;:&quot;classic&quot;}\">\n\t\t\t\t\t\t<div class=\"elementor-container elementor-column-gap-default\">\n\t\t\t\t\t<div class=\"elementor-column elementor-col-66 elementor-top-column elementor-element elementor-element-744d18f0\" data-id=\"744d18f0\" data-element_type=\"column\" data-settings=\"{&quot;background_background&quot;:&quot;classic&quot;}\">\n\t\t\t<div class=\"elementor-widget-wrap elementor-element-populated\">\n\t\t\t\t\t\t<section class=\"elementor-section elementor-inner-section elementor-element elementor-element-0ad9dc2 elementor-section-full_width elementor-section-content-top elementor-section-height-default elementor-section-height-default\" data-id=\"0ad9dc2\" data-element_type=\"section\">\n\t\t\t\t\t\t<div class=\"elementor-container elementor-column-gap-no\">\n\t\t\t\t\t<div class=\"elementor-column elementor-col-50 elementor-inner-column elementor-element elementor-element-711803e\" data-id=\"711803e\" data-element_type=\"column\">\n\t\t\t<div class=\"elementor-widget-wrap elementor-element-populated\">\n\t\t\t\t\t\t<div class=\"elementor-element elementor-element-380a488 elementor-view-default elementor-widget elementor-widget-icon\" data-id=\"380a488\" data-element_type=\"widget\" data-widget_type=\"icon.default\">\n\t\t\t\t<div class=\"elementor-widget-container\">\n\t\t\t\t\t\t\t<div class=\"elementor-icon-wrapper\">\n\t\t\t<div class=\"elementor-icon\">\n\t\t\t<i aria-hidden=\"true\" class=\"fas fa-home\"><\/i>\t\t\t<\/div>\n\t\t<\/div>\n\t\t\t\t\t\t<\/div>\n\t\t\t\t<\/div>\n\t\t\t\t\t<\/div>\n\t\t<\/div>\n\t\t\t\t<div class=\"elementor-column elementor-col-50 elementor-inner-column elementor-element elementor-element-349756f\" data-id=\"349756f\" data-element_type=\"column\">\n\t\t\t<div class=\"elementor-widget-wrap elementor-element-populated\">\n\t\t\t\t\t\t<div class=\"elementor-element elementor-element-4e616e8 elementor-widget elementor-widget-breadcrumbs\" data-id=\"4e616e8\" data-element_type=\"widget\" data-widget_type=\"breadcrumbs.default\">\n\t\t\t\t<div class=\"elementor-widget-container\">\n\t\t\t\t\t<br \/>\n<b>Deprecated<\/b>:  ltrim(): Passing null to parameter #1 ($string) of type string is deprecated in <b>\/home\/salsawebs\/public_html\/wp-includes\/formatting.php<\/b> on line <b>4496<\/b><br \/>\n<p id=\"breadcrumbs\"><span><span><a href=\"https:\/\/salsa.es\/en\/\">Home<\/a><\/span><\/span><\/p>\t\t\t\t<\/div>\n\t\t\t\t<\/div>\n\t\t\t\t\t<\/div>\n\t\t<\/div>\n\t\t\t\t\t<\/div>\n\t\t<\/section>\n\t\t\t\t<div class=\"elementor-element elementor-element-581bfcb4 elementor-widget elementor-widget-heading\" data-id=\"581bfcb4\" data-element_type=\"widget\" data-widget_type=\"heading.default\">\n\t\t\t\t<div class=\"elementor-widget-container\">\n\t\t\t\t\t<h2 class=\"elementor-heading-title elementor-size-default\">Advisory Board\n<\/h2>\t\t\t\t<\/div>\n\t\t\t\t<\/div>\n\t\t\t\t\t<\/div>\n\t\t<\/div>\n\t\t\t\t<div class=\"elementor-column elementor-col-33 elementor-top-column elementor-element elementor-element-6f7c07a6\" data-id=\"6f7c07a6\" data-element_type=\"column\">\n\t\t\t<div class=\"elementor-widget-wrap\">\n\t\t\t\t\t\t\t<\/div>\n\t\t<\/div>\n\t\t\t\t\t<\/div>\n\t\t<\/section>\n\t\t\t\t<section class=\"elementor-section elementor-top-section elementor-element elementor-element-c9eb11c elementor-section-boxed elementor-section-height-default elementor-section-height-default\" data-id=\"c9eb11c\" data-element_type=\"section\">\n\t\t\t\t\t\t<div class=\"elementor-container elementor-column-gap-default\">\n\t\t\t\t\t<div class=\"elementor-column elementor-col-100 elementor-top-column elementor-element elementor-element-8fbd874\" data-id=\"8fbd874\" data-element_type=\"column\">\n\t\t\t<div class=\"elementor-widget-wrap elementor-element-populated\">\n\t\t\t\t\t\t<div class=\"elementor-element elementor-element-890ccdf elementor-posts--align-center elementor-posts--thumbnail-top elementor-grid-3 elementor-grid-tablet-2 elementor-grid-mobile-1 elementor-widget elementor-widget-posts\" data-id=\"890ccdf\" data-element_type=\"widget\" data-settings=\"{&quot;custom_columns&quot;:&quot;3&quot;,&quot;custom_columns_tablet&quot;:&quot;2&quot;,&quot;custom_columns_mobile&quot;:&quot;1&quot;,&quot;custom_row_gap&quot;:{&quot;unit&quot;:&quot;px&quot;,&quot;size&quot;:35,&quot;sizes&quot;:[]},&quot;custom_row_gap_tablet&quot;:{&quot;unit&quot;:&quot;px&quot;,&quot;size&quot;:&quot;&quot;,&quot;sizes&quot;:[]},&quot;custom_row_gap_mobile&quot;:{&quot;unit&quot;:&quot;px&quot;,&quot;size&quot;:&quot;&quot;,&quot;sizes&quot;:[]}}\" data-widget_type=\"posts.custom\">\n\t\t\t\t<div class=\"elementor-widget-container\">\n\t\t\t\t\t      <div class=\"ecs-posts elementor-posts-container elementor-posts   elementor-grid elementor-posts--skin-custom\" data-settings=\"{&quot;current_page&quot;:1,&quot;max_num_pages&quot;:1,&quot;load_method&quot;:&quot;&quot;,&quot;widget_id&quot;:&quot;890ccdf&quot;,&quot;post_id&quot;:1863,&quot;theme_id&quot;:1863,&quot;change_url&quot;:false,&quot;reinit_js&quot;:false}\">\n      \t\t<article id=\"post-2020\" class=\"elementor-post elementor-grid-item ecs-post-loop post-2020 organigrama type-organigrama status-publish has-post-thumbnail hentry tipo-consejero\">\n\t\t\t\t<div data-elementor-type=\"loop\" data-elementor-id=\"863\" class=\"elementor elementor-863 post-2020 organigrama type-organigrama status-publish has-post-thumbnail hentry tipo-consejero\" data-elementor-post-type=\"elementor_library\">\n\t\t\t\t\t<section class=\"elementor-section elementor-top-section elementor-element elementor-element-8d1b356 elementor-section-boxed elementor-section-height-default elementor-section-height-default\" data-id=\"8d1b356\" data-element_type=\"section\">\n\t\t\t\t\t\t<div class=\"elementor-container elementor-column-gap-default\">\n\t\t\t\t\t<div class=\"elementor-column elementor-col-100 elementor-top-column elementor-element elementor-element-590602b\" data-id=\"590602b\" data-element_type=\"column\">\n\t\t\t<div class=\"elementor-widget-wrap elementor-element-populated\">\n\t\t\t\t\t\t<div class=\"elementor-element elementor-element-5efc386 elementor-widget elementor-widget-theme-post-featured-image elementor-widget-image\" data-id=\"5efc386\" data-element_type=\"widget\" data-widget_type=\"theme-post-featured-image.default\">\n\t\t\t\t<div class=\"elementor-widget-container\">\n\t\t\t\t\t\t\t\t\t\t\t\t\t\t\t\t<a href=\"https:\/\/salsa.es\/en\/organisation-chart\/joaquin-gonzalez-fernandez\/\">\n\t\t\t\t\t\t\t<img fetchpriority=\"high\" decoding=\"async\" width=\"800\" height=\"640\" src=\"https:\/\/salsa.es\/wp-content\/uploads\/2022\/11\/Consej-Asesor-Joaquin-Gonzalez-mini.jpg\" class=\"attachment-large size-large wp-image-1783\" alt=\"\" srcset=\"https:\/\/salsa.es\/wp-content\/uploads\/2022\/11\/Consej-Asesor-Joaquin-Gonzalez-mini.jpg 1000w, https:\/\/salsa.es\/wp-content\/uploads\/2022\/11\/Consej-Asesor-Joaquin-Gonzalez-mini-300x240.jpg 300w, https:\/\/salsa.es\/wp-content\/uploads\/2022\/11\/Consej-Asesor-Joaquin-Gonzalez-mini-768x614.jpg 768w\" sizes=\"(max-width: 800px) 100vw, 800px\" \/>\t\t\t\t\t\t\t\t<\/a>\n\t\t\t\t\t\t\t\t\t\t\t\t\t\t\t<\/div>\n\t\t\t\t<\/div>\n\t\t\t\t<div class=\"elementor-element elementor-element-985b619 elementor-widget elementor-widget-theme-post-title elementor-page-title elementor-widget-heading\" data-id=\"985b619\" data-element_type=\"widget\" data-widget_type=\"theme-post-title.default\">\n\t\t\t\t<div class=\"elementor-widget-container\">\n\t\t\t\t\t<h1 class=\"elementor-heading-title elementor-size-default\"><a href=\"https:\/\/salsa.es\/en\/organisation-chart\/joaquin-gonzalez-fernandez\/\">Joaqu\u00edn Gonz\u00e1lez Fern\u00e1ndez<\/a><\/h1>\t\t\t\t<\/div>\n\t\t\t\t<\/div>\n\t\t\t\t<div class=\"elementor-element elementor-element-f832191 elementor-widget-divider--view-line elementor-widget elementor-widget-divider\" data-id=\"f832191\" data-element_type=\"widget\" data-widget_type=\"divider.default\">\n\t\t\t\t<div class=\"elementor-widget-container\">\n\t\t\t\t\t\t\t<div class=\"elementor-divider\">\n\t\t\t<span class=\"elementor-divider-separator\">\n\t\t\t\t\t\t<\/span>\n\t\t<\/div>\n\t\t\t\t\t\t<\/div>\n\t\t\t\t<\/div>\n\t\t\t\t<div class=\"elementor-element elementor-element-5c17f02 elementor-widget elementor-widget-text-editor\" data-id=\"5c17f02\" data-element_type=\"widget\" data-widget_type=\"text-editor.default\">\n\t\t\t\t<div class=\"elementor-widget-container\">\n\t\t\t\t\t\t\t\t\tAdvisory board member\t\t\t\t\t\t\t\t<\/div>\n\t\t\t\t<\/div>\n\t\t\t\t\t<\/div>\n\t\t<\/div>\n\t\t\t\t\t<\/div>\n\t\t<\/section>\n\t\t\t\t<\/div>\n\t\t\t\t<\/article>\n\t\t\t\t<article id=\"post-2018\" class=\"elementor-post elementor-grid-item ecs-post-loop post-2018 organigrama type-organigrama status-publish has-post-thumbnail hentry tipo-consejero\">\n\t\t\t\t<div data-elementor-type=\"loop\" data-elementor-id=\"863\" class=\"elementor elementor-863 post-2018 organigrama type-organigrama status-publish has-post-thumbnail hentry tipo-consejero\" data-elementor-post-type=\"elementor_library\">\n\t\t\t\t\t<section class=\"elementor-section elementor-top-section elementor-element elementor-element-8d1b356 elementor-section-boxed elementor-section-height-default elementor-section-height-default\" data-id=\"8d1b356\" data-element_type=\"section\">\n\t\t\t\t\t\t<div class=\"elementor-container elementor-column-gap-default\">\n\t\t\t\t\t<div class=\"elementor-column elementor-col-100 elementor-top-column elementor-element elementor-element-590602b\" data-id=\"590602b\" data-element_type=\"column\">\n\t\t\t<div class=\"elementor-widget-wrap elementor-element-populated\">\n\t\t\t\t\t\t<div class=\"elementor-element elementor-element-5efc386 elementor-widget elementor-widget-theme-post-featured-image elementor-widget-image\" data-id=\"5efc386\" data-element_type=\"widget\" data-widget_type=\"theme-post-featured-image.default\">\n\t\t\t\t<div class=\"elementor-widget-container\">\n\t\t\t\t\t\t\t\t\t\t\t\t\t\t\t\t<a href=\"https:\/\/salsa.es\/en\/organisation-chart\/alberto-parra-ruinervo\/\">\n\t\t\t\t\t\t\t<img decoding=\"async\" width=\"800\" height=\"641\" src=\"https:\/\/salsa.es\/wp-content\/uploads\/2022\/11\/Consej-Asesor-Alberto-Parra-mini.jpg\" class=\"attachment-large size-large wp-image-1784\" alt=\"\" srcset=\"https:\/\/salsa.es\/wp-content\/uploads\/2022\/11\/Consej-Asesor-Alberto-Parra-mini.jpg 1000w, https:\/\/salsa.es\/wp-content\/uploads\/2022\/11\/Consej-Asesor-Alberto-Parra-mini-300x240.jpg 300w, https:\/\/salsa.es\/wp-content\/uploads\/2022\/11\/Consej-Asesor-Alberto-Parra-mini-768x615.jpg 768w\" sizes=\"(max-width: 800px) 100vw, 800px\" \/>\t\t\t\t\t\t\t\t<\/a>\n\t\t\t\t\t\t\t\t\t\t\t\t\t\t\t<\/div>\n\t\t\t\t<\/div>\n\t\t\t\t<div class=\"elementor-element elementor-element-985b619 elementor-widget elementor-widget-theme-post-title elementor-page-title elementor-widget-heading\" data-id=\"985b619\" data-element_type=\"widget\" data-widget_type=\"theme-post-title.default\">\n\t\t\t\t<div class=\"elementor-widget-container\">\n\t\t\t\t\t<h1 class=\"elementor-heading-title elementor-size-default\"><a href=\"https:\/\/salsa.es\/en\/organisation-chart\/alberto-parra-ruinervo\/\">Alberto Parra Ruinervo<\/a><\/h1>\t\t\t\t<\/div>\n\t\t\t\t<\/div>\n\t\t\t\t<div class=\"elementor-element elementor-element-f832191 elementor-widget-divider--view-line elementor-widget elementor-widget-divider\" data-id=\"f832191\" data-element_type=\"widget\" data-widget_type=\"divider.default\">\n\t\t\t\t<div class=\"elementor-widget-container\">\n\t\t\t\t\t\t\t<div class=\"elementor-divider\">\n\t\t\t<span class=\"elementor-divider-separator\">\n\t\t\t\t\t\t<\/span>\n\t\t<\/div>\n\t\t\t\t\t\t<\/div>\n\t\t\t\t<\/div>\n\t\t\t\t<div class=\"elementor-element elementor-element-5c17f02 elementor-widget elementor-widget-text-editor\" data-id=\"5c17f02\" data-element_type=\"widget\" data-widget_type=\"text-editor.default\">\n\t\t\t\t<div class=\"elementor-widget-container\">\n\t\t\t\t\t\t\t\t\tAdvisory board member\t\t\t\t\t\t\t\t<\/div>\n\t\t\t\t<\/div>\n\t\t\t\t\t<\/div>\n\t\t<\/div>\n\t\t\t\t\t<\/div>\n\t\t<\/section>\n\t\t\t\t<\/div>\n\t\t\t\t<\/article>\n\t\t\t\t<article id=\"post-2016\" class=\"elementor-post elementor-grid-item ecs-post-loop post-2016 organigrama type-organigrama status-publish has-post-thumbnail hentry tipo-consejero\">\n\t\t\t\t<div data-elementor-type=\"loop\" data-elementor-id=\"863\" class=\"elementor elementor-863 post-2016 organigrama type-organigrama status-publish has-post-thumbnail hentry tipo-consejero\" data-elementor-post-type=\"elementor_library\">\n\t\t\t\t\t<section class=\"elementor-section elementor-top-section elementor-element elementor-element-8d1b356 elementor-section-boxed elementor-section-height-default elementor-section-height-default\" data-id=\"8d1b356\" data-element_type=\"section\">\n\t\t\t\t\t\t<div class=\"elementor-container elementor-column-gap-default\">\n\t\t\t\t\t<div class=\"elementor-column elementor-col-100 elementor-top-column elementor-element elementor-element-590602b\" data-id=\"590602b\" data-element_type=\"column\">\n\t\t\t<div class=\"elementor-widget-wrap elementor-element-populated\">\n\t\t\t\t\t\t<div class=\"elementor-element elementor-element-5efc386 elementor-widget elementor-widget-theme-post-featured-image elementor-widget-image\" data-id=\"5efc386\" data-element_type=\"widget\" data-widget_type=\"theme-post-featured-image.default\">\n\t\t\t\t<div class=\"elementor-widget-container\">\n\t\t\t\t\t\t\t\t\t\t\t\t\t\t\t\t<a href=\"https:\/\/salsa.es\/en\/organisation-chart\/gonzalo-de-montis-kramer\/\">\n\t\t\t\t\t\t\t<img decoding=\"async\" width=\"800\" height=\"640\" src=\"https:\/\/salsa.es\/wp-content\/uploads\/2022\/11\/Consej-Asesor-Gonzalo-de-Montis-mini.jpg\" class=\"attachment-large size-large wp-image-1785\" alt=\"\" srcset=\"https:\/\/salsa.es\/wp-content\/uploads\/2022\/11\/Consej-Asesor-Gonzalo-de-Montis-mini.jpg 1000w, https:\/\/salsa.es\/wp-content\/uploads\/2022\/11\/Consej-Asesor-Gonzalo-de-Montis-mini-300x240.jpg 300w, https:\/\/salsa.es\/wp-content\/uploads\/2022\/11\/Consej-Asesor-Gonzalo-de-Montis-mini-768x614.jpg 768w\" sizes=\"(max-width: 800px) 100vw, 800px\" \/>\t\t\t\t\t\t\t\t<\/a>\n\t\t\t\t\t\t\t\t\t\t\t\t\t\t\t<\/div>\n\t\t\t\t<\/div>\n\t\t\t\t<div class=\"elementor-element elementor-element-985b619 elementor-widget elementor-widget-theme-post-title elementor-page-title elementor-widget-heading\" data-id=\"985b619\" data-element_type=\"widget\" data-widget_type=\"theme-post-title.default\">\n\t\t\t\t<div class=\"elementor-widget-container\">\n\t\t\t\t\t<h1 class=\"elementor-heading-title elementor-size-default\"><a href=\"https:\/\/salsa.es\/en\/organisation-chart\/gonzalo-de-montis-kramer\/\">Gonzalo de Montis Kramer<\/a><\/h1>\t\t\t\t<\/div>\n\t\t\t\t<\/div>\n\t\t\t\t<div class=\"elementor-element elementor-element-f832191 elementor-widget-divider--view-line elementor-widget elementor-widget-divider\" data-id=\"f832191\" data-element_type=\"widget\" data-widget_type=\"divider.default\">\n\t\t\t\t<div class=\"elementor-widget-container\">\n\t\t\t\t\t\t\t<div class=\"elementor-divider\">\n\t\t\t<span class=\"elementor-divider-separator\">\n\t\t\t\t\t\t<\/span>\n\t\t<\/div>\n\t\t\t\t\t\t<\/div>\n\t\t\t\t<\/div>\n\t\t\t\t<div class=\"elementor-element elementor-element-5c17f02 elementor-widget elementor-widget-text-editor\" data-id=\"5c17f02\" data-element_type=\"widget\" data-widget_type=\"text-editor.default\">\n\t\t\t\t<div class=\"elementor-widget-container\">\n\t\t\t\t\t\t\t\t\tAdvisory board member\t\t\t\t\t\t\t\t<\/div>\n\t\t\t\t<\/div>\n\t\t\t\t\t<\/div>\n\t\t<\/div>\n\t\t\t\t\t<\/div>\n\t\t<\/section>\n\t\t\t\t<\/div>\n\t\t\t\t<\/article>\n\t\t\t\t<\/div>\n\t\t\t\t\t\t<\/div>\n\t\t\t\t<\/div>\n\t\t\t\t\t<\/div>\n\t\t<\/div>\n\t\t\t\t\t<\/div>\n\t\t<\/section>\n\t\t\t\t<\/div>\n\t\t","protected":false},"excerpt":{"rendered":"<p>Advisory Board<\/p>\n","protected":false},"author":1,"featured_media":0,"parent":0,"menu_order":0,"comment_status":"closed","ping_status":"closed","template":"elementor_header_footer","meta":{"_acf_changed":false,"footnotes":""},"class_list":["post-1863","page","type-page","status-publish","hentry"],"acf":[],"yoast_head":"<!-- This site is optimized with the Yoast SEO plugin v26.7 - https:\/\/yoast.com\/wordpress\/plugins\/seo\/ -->\n<title>Management Advisory Board - Grupo Salsa<\/title>\n<meta name=\"robots\" content=\"index, follow, max-snippet:-1, max-image-preview:large, max-video-preview:-1\" \/>\n<link rel=\"canonical\" href=\"https:\/\/salsa.es\/en\/management-advisory-board\/\" \/>\n<meta property=\"og:locale\" content=\"en_US\" \/>\n<meta property=\"og:type\" content=\"article\" \/>\n<meta property=\"og:title\" content=\"Management Advisory Board - Grupo Salsa\" \/>\n<meta property=\"og:description\" content=\"Advisory Board\" \/>\n<meta property=\"og:url\" content=\"https:\/\/salsa.es\/en\/management-advisory-board\/\" \/>\n<meta property=\"og:site_name\" content=\"Grupo Salsa\" \/>\n<meta property=\"article:modified_time\" content=\"2023-01-03T11:06:58+00:00\" \/>\n<meta name=\"twitter:card\" content=\"summary_large_image\" \/>\n<script type=\"application\/ld+json\" class=\"yoast-schema-graph\">{\"@context\":\"https:\/\/schema.org\",\"@graph\":[{\"@type\":\"WebPage\",\"@id\":\"https:\/\/salsa.es\/en\/management-advisory-board\/\",\"url\":\"https:\/\/salsa.es\/en\/management-advisory-board\/\",\"name\":\"Management Advisory Board - Grupo Salsa\",\"isPartOf\":{\"@id\":\"https:\/\/salsa.es\/en\/#website\"},\"datePublished\":\"2022-11-03T21:09:05+00:00\",\"dateModified\":\"2023-01-03T11:06:58+00:00\",\"breadcrumb\":{\"@id\":\"https:\/\/salsa.es\/en\/management-advisory-board\/#breadcrumb\"},\"inLanguage\":\"en-US\",\"potentialAction\":[{\"@type\":\"ReadAction\",\"target\":[\"https:\/\/salsa.es\/en\/management-advisory-board\/\"]}]},{\"@type\":\"BreadcrumbList\",\"@id\":\"https:\/\/salsa.es\/en\/management-advisory-board\/#breadcrumb\",\"itemListElement\":[{\"@type\":\"ListItem\",\"position\":1,\"name\":\"Home\",\"item\":\"https:\/\/salsa.es\/en\/\"},{\"@type\":\"ListItem\",\"position\":2,\"name\":\"Management Advisory Board\"}]},{\"@type\":\"WebSite\",\"@id\":\"https:\/\/salsa.es\/en\/#website\",\"url\":\"https:\/\/salsa.es\/en\/\",\"name\":\"Grupo Salsa\",\"description\":\"Holding empresarial desde 1994\",\"potentialAction\":[{\"@type\":\"SearchAction\",\"target\":{\"@type\":\"EntryPoint\",\"urlTemplate\":\"https:\/\/salsa.es\/en\/?s={search_term_string}\"},\"query-input\":{\"@type\":\"PropertyValueSpecification\",\"valueRequired\":true,\"valueName\":\"search_term_string\"}}],\"inLanguage\":\"en-US\"}]}<\/script>\n<!-- \/ Yoast SEO plugin. -->","yoast_head_json":{"title":"Management Advisory Board - Grupo Salsa","robots":{"index":"index","follow":"follow","max-snippet":"max-snippet:-1","max-image-preview":"max-image-preview:large","max-video-preview":"max-video-preview:-1"},"canonical":"https:\/\/salsa.es\/en\/management-advisory-board\/","og_locale":"en_US","og_type":"article","og_title":"Management Advisory Board - Grupo Salsa","og_description":"Advisory Board","og_url":"https:\/\/salsa.es\/en\/management-advisory-board\/","og_site_name":"Grupo Salsa","article_modified_time":"2023-01-03T11:06:58+00:00","twitter_card":"summary_large_image","schema":{"@context":"https:\/\/schema.org","@graph":[{"@type":"WebPage","@id":"https:\/\/salsa.es\/en\/management-advisory-board\/","url":"https:\/\/salsa.es\/en\/management-advisory-board\/","name":"Management Advisory Board - Grupo Salsa","isPartOf":{"@id":"https:\/\/salsa.es\/en\/#website"},"datePublished":"2022-11-03T21:09:05+00:00","dateModified":"2023-01-03T11:06:58+00:00","breadcrumb":{"@id":"https:\/\/salsa.es\/en\/management-advisory-board\/#breadcrumb"},"inLanguage":"en-US","potentialAction":[{"@type":"ReadAction","target":["https:\/\/salsa.es\/en\/management-advisory-board\/"]}]},{"@type":"BreadcrumbList","@id":"https:\/\/salsa.es\/en\/management-advisory-board\/#breadcrumb","itemListElement":[{"@type":"ListItem","position":1,"name":"Home","item":"https:\/\/salsa.es\/en\/"},{"@type":"ListItem","position":2,"name":"Management Advisory Board"}]},{"@type":"WebSite","@id":"https:\/\/salsa.es\/en\/#website","url":"https:\/\/salsa.es\/en\/","name":"Grupo Salsa","description":"Holding empresarial desde 1994","potentialAction":[{"@type":"SearchAction","target":{"@type":"EntryPoint","urlTemplate":"https:\/\/salsa.es\/en\/?s={search_term_string}"},"query-input":{"@type":"PropertyValueSpecification","valueRequired":true,"valueName":"search_term_string"}}],"inLanguage":"en-US"}]}},"_links":{"self":[{"href":"https:\/\/salsa.es\/en\/wp-json\/wp\/v2\/pages\/1863","targetHints":{"allow":["GET"]}}],"collection":[{"href":"https:\/\/salsa.es\/en\/wp-json\/wp\/v2\/pages"}],"about":[{"href":"https:\/\/salsa.es\/en\/wp-json\/wp\/v2\/types\/page"}],"author":[{"embeddable":true,"href":"https:\/\/salsa.es\/en\/wp-json\/wp\/v2\/users\/1"}],"replies":[{"embeddable":true,"href":"https:\/\/salsa.es\/en\/wp-json\/wp\/v2\/comments?post=1863"}],"version-history":[{"count":4,"href":"https:\/\/salsa.es\/en\/wp-json\/wp\/v2\/pages\/1863\/revisions"}],"predecessor-version":[{"id":2999,"href":"https:\/\/salsa.es\/en\/wp-json\/wp\/v2\/pages\/1863\/revisions\/2999"}],"wp:attachment":[{"href":"https:\/\/salsa.es\/en\/wp-json\/wp\/v2\/media?parent=1863"}],"curies":[{"name":"wp","href":"https:\/\/api.w.org\/{rel}","templated":true}]}}